{"id":2159,"date":"2019-12-14T16:45:39","date_gmt":"2019-12-14T16:45:39","guid":{"rendered":"https:\/\/www.transcuevas2007.com\/politica-privacidad\/"},"modified":"2022-11-05T16:42:55","modified_gmt":"2022-11-05T16:42:55","slug":"politica-privacidad","status":"publish","type":"page","link":"https:\/\/www.transcuevas2007.com\/fr\/politica-privacidad\/","title":{"rendered":"Politica Privacidad"},"content":{"rendered":"<p>[et_pb_section fb_built=\u00a0\u00bb1&Prime; _builder_version=\u00a0\u00bb4.16&Prime; global_colors_info=\u00a0\u00bb{}\u00a0\u00bb][et_pb_row _builder_version=\u00a0\u00bb4.16&Prime; background_size=\u00a0\u00bbinitial\u00a0\u00bb background_position=\u00a0\u00bbtop_left\u00a0\u00bb background_repeat=\u00a0\u00bbrepeat\u00a0\u00bb global_colors_info=\u00a0\u00bb{}\u00a0\u00bb][et_pb_column type=\u00a0\u00bb4_4&Prime; _builder_version=\u00a0\u00bb4.16&Prime; custom_padding=\u00a0\u00bb|||\u00a0\u00bb global_colors_info=\u00a0\u00bb{}\u00a0\u00bb custom_padding__hover=\u00a0\u00bb|||\u00a0\u00bb][et_pb_text _builder_version=\u00a0\u00bb4.17.4&Prime; hover_enabled=\u00a0\u00bb0&Prime; global_colors_info=\u00a0\u00bb{}\u00a0\u00bb sticky_enabled=\u00a0\u00bb0&Prime;]<\/p>\n<h3 style=\"text-align: justify;\"><strong>POL\u00cdTICA DE PRIVACIDAD Y TRATAMIENTO DE DATOS PERSONALES<\/strong><\/h3>\n<p>&nbsp;<\/p>\n<p style=\"text-align: justify;\">Transcuevas2007, S.L.U., garantiza como objetivo b\u00e1sico la privacidad y confidencialidad de los datos de car\u00e1cter personal, cumpliendo con la normativa establecida en el Reglamento General de Protecci\u00f3n de Datos Personales que entr\u00f3 en vigor en mayo de 2016 y que es de obligado cumplimiento en Espa\u00f1a desde el 25 de mayo de 2018, de protecci\u00f3n de datos de car\u00e1cter personal.<\/p>\n<p style=\"text-align: justify;\"><strong>1. Responsable del tratamiento:<\/strong><\/p>\n<p style=\"text-align: justify;\">Transcuevas2007, S.L.U., con domicilio en Av. Fraga, 16 oficina 2, 22200 Sari\u00f1ena (Huesca) y C.I.F. B-22323547, es la titular del fichero al que se incorporan los Datos de Car\u00e1cter Personal, obtenidos por medio de la prestaci\u00f3n de sus servicios para la gesti\u00f3n del transporte de semirremolques, as\u00ed como el mantenimiento de la relaci\u00f3n comercial con clientes y proveedores; no siendo los mismos utilizados para finalidades distintas de aqu\u00e9llas para las que han sido recabados. As\u00ed mismo, es la responsable del tratamiento de los mismos. Estos ficheros son sometidos a un Registro de Tratamiento, tal y como exige la normativa vigente actualmente en esta materia.<\/p>\n<p style=\"text-align: justify;\"><strong>2. Finalidad de los datos:<\/strong><\/p>\n<p style=\"text-align: justify;\">Los datos de car\u00e1cter personal que se recojan, a trav\u00e9s de este formulario, ser\u00e1n utilizados \u00fanicamente para la comunicaci\u00f3n con el usuario, en respuesta a su formulario de contacto y petici\u00f3n de informaci\u00f3n o para posteriores contactos comerciales y presentaci\u00f3n de aquellos productos o servicios que el solicitante haya demandado. Los datos proporcionados por usted, como usuario\/a de nuestros servicios, se conservar\u00e1n mientras se mantenga la relaci\u00f3n derivada de la atenci\u00f3n que le prestemos o durante los a\u00f1os necesarios para cumplir con las obligaciones legales.<\/p>\n<p style=\"text-align: justify;\"><strong>3. Legitimaci\u00f3n:<\/strong><\/p>\n<p style=\"text-align: justify;\">La legitimaci\u00f3n del tratamiento se encuentra en el mismo consentimiento que usted presta, a trav\u00e9s de la aceptaci\u00f3n de esta pol\u00edtica de privacidad y tratamiento de datos personales, al cumplimentar la solicitud de informaci\u00f3n y contacto de esta p\u00e1gina web. Este consentimiento expl\u00edcito viene amparado por el Reglamento General de Protecci\u00f3n de Datos (RGPD) vigente en la legislaci\u00f3n espa\u00f1ola, como parte de la protecci\u00f3n que regula.<\/p>\n<p style=\"text-align: justify;\"><strong>4. Destinatarios:<\/strong><\/p>\n<p style=\"text-align: justify;\">El \u00fanico destinatario de estos datos es Transcuevas2007,S.L.U., no se ceder\u00e1n a terceros salvo en los casos en que exista una obligaci\u00f3n legal y recibir\u00e1n un tratamiento de absoluta confidencialidad.<\/p>\n<p style=\"text-align: justify;\"><strong>5. Derechos:<\/strong><\/p>\n<p style=\"text-align: justify;\">El usuario podr\u00e1 ejercer en cualquier momento sus derechos al acceso, rectificaci\u00f3n o supresi\u00f3n, a solicitar la limitaci\u00f3n de su tratamiento, a oponerse al tratamiento o a solicitar la portabilidad de los datos dirigiendo un escrito a Transcuevas,S.L.U. en la Av. Fraga, 16 oficina 2, 22200 Sari\u00f1ena (Huesca) o a trav\u00e9s del mail info@transcuevas2007.com y dado el car\u00e1cter personal\u00edsimo de estos derechos, ser\u00e1 necesario que el afectado acredite su identidad mediante fotocopia de su DNI. No se revelar\u00e1n datos personales a ning\u00fan tercero, salvo que el usuario haya otorgado su consentimiento a dichos efectos, o concurra alguno de los supuestos legales que permitan tal revelaci\u00f3n.<\/p>\n<p style=\"text-align: justify;\">As\u00ed mismo, le informamos que puede presentar una reclamaci\u00f3n ante la Agencia Espa\u00f1ola de Protecci\u00f3n de Datos Personales, como Autoridad de Control en materia de Protecci\u00f3n de Datos Personales competente, cuando no haya obtenido satisfacci\u00f3n en el ejercicio de sus derechos, a trav\u00e9s de su p\u00e1gina web: www.agpd.es.<\/p>\n<p><strong>6. Informaci\u00f3n adicional:<\/strong><\/p>\n<p>El acceso a las p\u00e1ginas a trav\u00e9s de las que el cliente de Transcuevas2007, S.L.U. trate con datos personales, se realiza a trav\u00e9s de una l\u00ednea segura debido a los m\u00e9todos de encriptaci\u00f3n de los datos utilizados para este efecto.<\/p>\n<p>Transcuevas2007, S.L.U. garantiza las medidas t\u00e9cnicas y organizativas necesarias para la seguridad e integridad de los datos personales que contiene, evitando su alteraci\u00f3n, p\u00e9rdida, tratamiento o acceso no autorizado, habida cuenta del estado de la tecnolog\u00eda, la naturaleza de los datos almacenados, y los riesgos a los que est\u00e1n expuestos, ya provengan de la acci\u00f3n humana o del medio f\u00edsico o natural.<\/p>\n<p>Con car\u00e1cter general, las relaciones que se deriven de la prestaci\u00f3n de los servicios contenidos en el portal, est\u00e1n sometidas a la legislaci\u00f3n y la jurisdicci\u00f3n espa\u00f1ola en virtud del Reglamento General de Datos Personales (RGPD).<\/p>\n<p><strong>Para cualquier duda o consulta puede dirigirse a:<\/strong><\/p>\n<p><strong>TRANSCUEVAS2007, S.L.U.<\/strong><\/p>\n<p><strong>Direcci\u00f3n:\u00a0Av. Fraga, 16 oficina 2<\/strong><\/p>\n<p><strong>22000 SARI\u00d1ENA (Huesca)<\/strong><\/p>\n<p style=\"text-align: justify;\"><strong>Tel\u00e9fono: 974 099 298<\/strong><\/p>\n<p>[\/et_pb_text][\/et_pb_column][\/et_pb_row][\/et_pb_section]<\/p>\n","protected":false},"excerpt":{"rendered":"<p>POL\u00cdTICA DE PRIVACIDAD Y TRATAMIENTO DE DATOS PERSONALES &nbsp; Transcuevas2007, S.L.U., garantiza como objetivo b\u00e1sico la privacidad y confidencialidad de los datos de car\u00e1cter personal, cumpliendo con la normativa establecida en el Reglamento General de Protecci\u00f3n de Datos Personales que entr\u00f3 en vigor en mayo de 2016 y que es de obligado cumplimiento en Espa\u00f1a [&hellip;]<\/p>\n","protected":false},"author":1,"featured_media":0,"parent":0,"menu_order":0,"comment_status":"closed","ping_status":"closed","template":"","meta":{"_et_pb_use_builder":"on","_et_pb_old_content":"<!-- wp:heading -->\r\n<h2>Qui\u00e9nes somos<\/h2>\r\n<!-- \/wp:heading -->\r\n\r\n<!-- wp:paragraph -->\r\n<p>La direcci\u00f3n de nuestra web es: https:\/\/www.transcuevas2007.com.<\/p>\r\n<!-- \/wp:paragraph -->\r\n\r\n<!-- wp:heading -->\r\n<h2>Qu\u00e9 datos personales recogemos y por qu\u00e9 los recogemos<\/h2>\r\n<!-- \/wp:heading -->\r\n\r\n<!-- wp:heading {\"level\":3} -->\r\n<h3>Comentarios<\/h3>\r\n<!-- \/wp:heading -->\r\n\r\n<!-- wp:paragraph -->\r\n<p>Cuando los visitantes dejan comentarios en la web, recopilamos los datos que se muestran en el formulario de comentarios, as\u00ed como la direcci\u00f3n IP del visitante y la cadena de agentes de usuario del navegador para ayudar a la detecci\u00f3n de spam.<\/p>\r\n<!-- \/wp:paragraph -->\r\n\r\n<!-- wp:paragraph -->\r\n<p>Una cadena an\u00f3nima creada a partir de tu direcci\u00f3n de correo electr\u00f3nico (tambi\u00e9n llamada hash) puede ser proporcionada al servicio de Gravatar para ver si la est\u00e1s usando. La pol\u00edtica de privacidad del servicio Gravatar est\u00e1 disponible aqu\u00ed: https:\/\/automattic.com\/privacy\/. Despu\u00e9s de la aprobaci\u00f3n de tu comentario, la imagen de tu perfil es visible para el p\u00fablico en el contexto de su comentario.<\/p>\r\n<!-- \/wp:paragraph -->\r\n\r\n<!-- wp:heading {\"level\":3} -->\r\n<h3>Medios<\/h3>\r\n<!-- \/wp:heading -->\r\n\r\n<!-- wp:paragraph -->\r\n<p>Si subes im\u00e1genes a la web deber\u00edas evitar subir im\u00e1genes con datos de ubicaci\u00f3n (GPS EXIF) incluidos. Los visitantes de la web pueden descargar y extraer cualquier dato de localizaci\u00f3n de las im\u00e1genes de la web.<\/p>\r\n<!-- \/wp:paragraph -->\r\n\r\n<!-- wp:heading {\"level\":3} -->\r\n<h3>Formularios de contacto<\/h3>\r\n<!-- \/wp:heading -->\r\n\r\n<!-- wp:heading {\"level\":3} -->\r\n<h3>Cookies<\/h3>\r\n<!-- \/wp:heading -->\r\n\r\n<!-- wp:paragraph -->\r\n<p>Si dejas un comentario en nuestro sitio puedes elegir guardar tu nombre, direcci\u00f3n de correo electr\u00f3nico y web en cookies. Esto es para tu comodidad, para que no tengas que volver a rellenar tus datos cuando dejes otro comentario. Estas cookies tendr\u00e1n una duraci\u00f3n de un a\u00f1o.<\/p>\r\n<!-- \/wp:paragraph -->\r\n\r\n<!-- wp:paragraph -->\r\n<p>Si tienes una cuenta y te conectas a este sitio, instalaremos una cookie temporal para determinar si tu navegador acepta cookies. Esta cookie no contiene datos personales y se elimina al cerrar el navegador.<\/p>\r\n<!-- \/wp:paragraph -->\r\n\r\n<!-- wp:paragraph -->\r\n<p>Cuando inicias sesi\u00f3n, tambi\u00e9n instalaremos varias cookies para guardar tu informaci\u00f3n de inicio de sesi\u00f3n y tus opciones de visualizaci\u00f3n de pantalla. Las cookies de inicio de sesi\u00f3n duran dos d\u00edas, y las cookies de opciones de pantalla duran un a\u00f1o. Si seleccionas \"Recordarme\", tu inicio de sesi\u00f3n perdurar\u00e1 durante dos semanas. Si sales de tu cuenta, las cookies de inicio de sesi\u00f3n se eliminar\u00e1n.<\/p>\r\n<!-- \/wp:paragraph -->\r\n\r\n<!-- wp:paragraph -->\r\n<p>Si editas o publicas un art\u00edculo se guardar\u00e1 una cookie adicional en tu navegador. Esta cookie no incluye datos personales y simplemente indica el ID del art\u00edculo que acabas de editar. Caduca despu\u00e9s de 1 d\u00eda.<\/p>\r\n<!-- \/wp:paragraph -->\r\n\r\n<!-- wp:heading {\"level\":3} -->\r\n<h3>Contenido incrustado de otros sitios web<\/h3>\r\n<!-- \/wp:heading -->\r\n\r\n<!-- wp:paragraph -->\r\n<p>Los art\u00edculos de este sitio pueden incluir contenido incrustado (por ejemplo, v\u00eddeos, im\u00e1genes, art\u00edculos, etc.). El contenido incrustado de otras web se comporta exactamente de la misma manera que si el visitante hubiera visitado la otra web.<\/p>\r\n<!-- \/wp:paragraph -->\r\n\r\n<!-- wp:paragraph -->\r\n<p>Estas web pueden recopilar datos sobre ti, utilizar cookies, incrustar un seguimiento adicional de terceros, y supervisar tu interacci\u00f3n con ese contenido incrustado, incluido el seguimiento de su interacci\u00f3n con el contenido incrustado si tienes una cuenta y est\u00e1s conectado a esa web.<\/p>\r\n<!-- \/wp:paragraph -->\r\n\r\n<!-- wp:heading {\"level\":3} -->\r\n<h3>Anal\u00edtica<\/h3>\r\n<!-- \/wp:heading -->\r\n\r\n<!-- wp:heading -->\r\n<h2>Con qui\u00e9n compartimos tus datos<\/h2>\r\n<!-- \/wp:heading -->\r\n\r\n<!-- wp:heading -->\r\n<h2>Cu\u00e1nto tiempo conservamos tus datos<\/h2>\r\n<!-- \/wp:heading -->\r\n\r\n<!-- wp:paragraph -->\r\n<p>Si dejas un comentario, el comentario y sus metadatos se conservan indefinidamente. Esto es para que podamos reconocer y aprobar comentarios sucesivos autom\u00e1ticamente en lugar de mantenerlos en una cola de moderaci\u00f3n.<\/p>\r\n<!-- \/wp:paragraph -->\r\n\r\n<!-- wp:paragraph -->\r\n<p>De los usuarios que se registran en nuestra web (si los hay), tambi\u00e9n almacenamos la informaci\u00f3n personal que proporcionan en su perfil de usuario. Todos los usuarios pueden ver, editar o eliminar su informaci\u00f3n personal en cualquier momento (excepto que no pueden cambiar su nombre de usuario). Los administradores de la web tambi\u00e9n pueden ver y editar esa informaci\u00f3n.<\/p>\r\n<!-- \/wp:paragraph -->\r\n\r\n<!-- wp:heading -->\r\n<h2>Qu\u00e9 derechos tienes sobre tus datos<\/h2>\r\n<!-- \/wp:heading -->\r\n\r\n<!-- wp:paragraph -->\r\n<p>Si tienes una cuenta o has dejado comentarios en esta web, puedes solicitar recibir un archivo de exportaci\u00f3n de los datos personales que tenemos sobre ti, incluyendo cualquier dato que nos hayas proporcionado. Tambi\u00e9n puedes solicitar que eliminemos cualquier dato personal que tengamos sobre ti. Esto no incluye ning\u00fan dato que estemos obligados a conservar con fines administrativos, legales o de seguridad.<\/p>\r\n<!-- \/wp:paragraph -->\r\n\r\n<!-- wp:heading -->\r\n<h2>D\u00f3nde enviamos tus datos<\/h2>\r\n<!-- \/wp:heading -->\r\n\r\n<!-- wp:paragraph -->\r\n<p>Los comentarios de los visitantes puede que los revise un servicio de detecci\u00f3n autom\u00e1tica de spam.<\/p>\r\n<!-- \/wp:paragraph -->\r\n\r\n<!-- wp:heading -->\r\n<h2>Tu informaci\u00f3n de contacto<\/h2>\r\n<!-- \/wp:heading -->\r\n\r\n<!-- wp:heading -->\r\n<h2>Informaci\u00f3n adicional<\/h2>\r\n<!-- \/wp:heading -->\r\n\r\n<!-- wp:heading {\"level\":3} -->\r\n<h3>C\u00f3mo protegemos tus datos<\/h3>\r\n<!-- \/wp:heading -->\r\n\r\n<!-- wp:heading {\"level\":3} -->\r\n<h3>Qu\u00e9 procedimientos utilizamos contra las brechas de datos<\/h3>\r\n<!-- \/wp:heading -->\r\n\r\n<!-- wp:heading {\"level\":3} -->\r\n<h3>De qu\u00e9 terceros recibimos datos<\/h3>\r\n<!-- \/wp:heading -->\r\n\r\n<!-- wp:heading {\"level\":3} -->\r\n<h3>Qu\u00e9 tipo de toma de decisiones automatizada y\/o perfilado hacemos con los datos del usuario<\/h3>\r\n<!-- \/wp:heading -->\r\n\r\n<!-- wp:heading {\"level\":3} -->\r\n<h3>Requerimientos regulatorios de revelaci\u00f3n de informaci\u00f3n del sector<\/h3>\r\n<!-- \/wp:heading -->","_et_gb_content_width":"","footnotes":""},"class_list":["post-2159","page","type-page","status-publish","hentry"],"aioseo_notices":[],"_links":{"self":[{"href":"https:\/\/www.transcuevas2007.com\/fr\/wp-json\/wp\/v2\/pages\/2159","targetHints":{"allow":["GET"]}}],"collection":[{"href":"https:\/\/www.transcuevas2007.com\/fr\/wp-json\/wp\/v2\/pages"}],"about":[{"href":"https:\/\/www.transcuevas2007.com\/fr\/wp-json\/wp\/v2\/types\/page"}],"author":[{"embeddable":true,"href":"https:\/\/www.transcuevas2007.com\/fr\/wp-json\/wp\/v2\/users\/1"}],"replies":[{"embeddable":true,"href":"https:\/\/www.transcuevas2007.com\/fr\/wp-json\/wp\/v2\/comments?post=2159"}],"version-history":[{"count":2,"href":"https:\/\/www.transcuevas2007.com\/fr\/wp-json\/wp\/v2\/pages\/2159\/revisions"}],"predecessor-version":[{"id":3221,"href":"https:\/\/www.transcuevas2007.com\/fr\/wp-json\/wp\/v2\/pages\/2159\/revisions\/3221"}],"wp:attachment":[{"href":"https:\/\/www.transcuevas2007.com\/fr\/wp-json\/wp\/v2\/media?parent=2159"}],"curies":[{"name":"wp","href":"https:\/\/api.w.org\/{rel}","templated":true}]}}