{"id":1899,"date":"2019-12-08T11:22:57","date_gmt":"2019-12-08T11:22:57","guid":{"rendered":"https:\/\/www.transcuevas2007.com\/nos-services\/"},"modified":"2020-05-22T16:39:19","modified_gmt":"2020-05-22T16:39:19","slug":"nos-services","status":"publish","type":"page","link":"https:\/\/www.transcuevas2007.com\/fr\/nos-services\/","title":{"rendered":"Nos Services"},"content":{"rendered":"<p>[et_pb_section fb_built=\u00a0\u00bb1&Prime; fullwidth=\u00a0\u00bbon\u00a0\u00bb admin_label=\u00a0\u00bbsection\u00a0\u00bb _builder_version=\u00a0\u00bb4.0.9&Prime; background_color=\u00a0\u00bb#000000&Prime; top_divider_color=\u00a0\u00bb#242424&Prime; top_divider_height=\u00a0\u00bb223px\u00a0\u00bb][et_pb_fullwidth_header title=\u00a0\u00bbNos Services\u00a0\u00bb subhead=\u00a0\u00bbNous sommes sp\u00e9cialiste du convoyage de semi remorques\u00a0\u00bb content_max_width=\u00a0\u00bbnone\u00a0\u00bb admin_label=\u00a0\u00bbFullwidth Header\u00a0\u00bb _builder_version=\u00a0\u00bb3.16&Prime; subhead_font_size=\u00a0\u00bb20px\u00a0\u00bb background_color=\u00a0\u00bb#2347db\u00a0\u00bb background_image=\u00a0\u00bbhttps:\/\/www.transcuevas2007.com\/wp-content\/uploads\/2019\/11\/banner-transcuevas2007-servicios.jpg\u00a0\u00bb background_url=\u00a0\u00bbhttps:\/\/www.transcuevas2007.com\/wp-content\/uploads\/2019\/11\/banner-transcuevas2007-servicios.jpg\u00a0\u00bb button_one_border_radius_hover=\u00a0\u00bb3&Prime; button_two_border_radius_hover=\u00a0\u00bb3&Prime; button_one_letter_spacing_hover=\u00a0\u00bb0&Prime; button_two_letter_spacing_hover=\u00a0\u00bb0&Prime; button_one_text_size__hover_enabled=\u00a0\u00bboff\u00a0\u00bb button_two_text_size__hover_enabled=\u00a0\u00bboff\u00a0\u00bb button_one_text_color__hover_enabled=\u00a0\u00bboff\u00a0\u00bb button_two_text_color__hover_enabled=\u00a0\u00bboff\u00a0\u00bb button_one_border_width__hover_enabled=\u00a0\u00bboff\u00a0\u00bb button_two_border_width__hover_enabled=\u00a0\u00bboff\u00a0\u00bb button_one_border_color__hover_enabled=\u00a0\u00bboff\u00a0\u00bb button_two_border_color__hover_enabled=\u00a0\u00bboff\u00a0\u00bb button_one_border_radius__hover_enabled=\u00a0\u00bbon\u00a0\u00bb button_one_border_radius__hover=\u00a0\u00bb3&Prime; button_two_border_radius__hover_enabled=\u00a0\u00bbon\u00a0\u00bb button_two_border_radius__hover=\u00a0\u00bb3&Prime; button_one_letter_spacing__hover_enabled=\u00a0\u00bbon\u00a0\u00bb button_one_letter_spacing__hover=\u00a0\u00bb0&Prime; button_two_letter_spacing__hover_enabled=\u00a0\u00bbon\u00a0\u00bb button_two_letter_spacing__hover=\u00a0\u00bb0&Prime; button_one_bg_color__hover_enabled=\u00a0\u00bboff\u00a0\u00bb button_two_bg_color__hover_enabled=\u00a0\u00bboff\u00a0\u00bb] [\/et_pb_fullwidth_header][\/et_pb_section][et_pb_section fb_built=\u00a0\u00bb1&Prime; fullwidth=\u00a0\u00bbon\u00a0\u00bb _builder_version=\u00a0\u00bb4.0.7&Prime;][et_pb_fullwidth_image _builder_version=\u00a0\u00bb4.0.7&Prime; background_color=\u00a0\u00bb#242424&Prime;][\/et_pb_fullwidth_image][\/et_pb_section][et_pb_section fb_built=\u00a0\u00bb1&Prime; admin_label=\u00a0\u00bbsection\u00a0\u00bb _builder_version=\u00a0\u00bb4.0.7&Prime; top_divider_style=\u00a0\u00bbslant\u00a0\u00bb top_divider_color=\u00a0\u00bb#88c4dd\u00a0\u00bb top_divider_height=\u00a0\u00bb82px\u00a0\u00bb][et_pb_row admin_label=\u00a0\u00bbFila\u00a0\u00bb _builder_version=\u00a0\u00bb3.25&Prime; background_size=\u00a0\u00bbinitial\u00a0\u00bb background_position=\u00a0\u00bbtop_left\u00a0\u00bb background_repeat=\u00a0\u00bbrepeat\u00a0\u00bb][et_pb_column type=\u00a0\u00bb4_4&Prime; _builder_version=\u00a0\u00bb3.25&Prime; custom_padding=\u00a0\u00bb|||\u00a0\u00bb custom_padding__hover=\u00a0\u00bb|||\u00a0\u00bb][et_pb_image src=\u00a0\u00bbhttps:\/\/www.transcuevas2007.com\/wp-content\/uploads\/2019\/11\/la-foto-2.png\u00a0\u00bb alt=\u00a0\u00bb Transcuevas2007, s.l. convoyage de semi remolques\u00a0\u00bb title_text=\u00a0\u00bbConvoyage de semi remorques.\u00a0\u00bb align=\u00a0\u00bbcenter\u00a0\u00bb align_tablet=\u00a0\u00bbcenter\u00a0\u00bb align_phone=\u00a0\u00bb\u00a0\u00bb align_last_edited=\u00a0\u00bbon|desktop\u00a0\u00bb admin_label=\u00a0\u00bbImagen\u00a0\u00bb _builder_version=\u00a0\u00bb4.1&Prime; background_enable_color=\u00a0\u00bboff\u00a0\u00bb transform_translate=\u00a0\u00bb6px|-16px\u00a0\u00bb transform_translate_linked=\u00a0\u00bboff\u00a0\u00bb width=\u00a0\u00bb100%\u00a0\u00bb max_height=\u00a0\u00bb1000px\u00a0\u00bb custom_margin_tablet=\u00a0\u00bb\u00a0\u00bb custom_margin_phone=\u00a0\u00bb78px||||false|false\u00a0\u00bb custom_margin_last_edited=\u00a0\u00bbon|phone\u00a0\u00bb animation=\u00a0\u00bbright\u00a0\u00bb use_border_color=\u00a0\u00bboff\u00a0\u00bb border_color=\u00a0\u00bb#ffffff\u00a0\u00bb border_style=\u00a0\u00bbsolid\u00a0\u00bb sticky=\u00a0\u00bboff\u00a0\u00bb always_center_on_mobile=\u00a0\u00bbon\u00a0\u00bb] [\/et_pb_image][\/et_pb_column][\/et_pb_row][et_pb_row admin_label=\u00a0\u00bbrow\u00a0\u00bb _builder_version=\u00a0\u00bb4.0.9&Prime; background_size=\u00a0\u00bbinitial\u00a0\u00bb background_position=\u00a0\u00bbtop_left\u00a0\u00bb background_repeat=\u00a0\u00bbrepeat\u00a0\u00bb custom_margin=\u00a0\u00bb-41px||||false|false\u00a0\u00bb][et_pb_column type=\u00a0\u00bb4_4&Prime; _builder_version=\u00a0\u00bb3.25&Prime; custom_padding=\u00a0\u00bb|||\u00a0\u00bb custom_padding__hover=\u00a0\u00bb|||\u00a0\u00bb][et_pb_text content_tablet=\u00a0\u00bb\u00a0\u00bb content_phone=\u00a0\u00bb<\/p>\n<p style=%22text-align: justify;%22>Nous faisons tout type de <strong>convoyage de semi remorques national et international<\/strong>:<\/p>\n<p style=%22text-align: justify;%22>Frigo, ch\u00e2ssis g\u00e9rb\u00e9, porte contenaire, tautliner, citernes, b\u00e9nnes, tombereaux et autres moyens transport excption\u00e9l.<\/p>\n<p>\u00a0\u00bb content_last_edited=\u00a0\u00bbon|phone\u00a0\u00bb admin_label=\u00a0\u00bbText\u00a0\u00bb _builder_version=\u00a0\u00bb4.1&Prime; background_size=\u00a0\u00bbinitial\u00a0\u00bb background_position=\u00a0\u00bbtop_left\u00a0\u00bb background_repeat=\u00a0\u00bbrepeat\u00a0\u00bb use_border_color=\u00a0\u00bboff\u00a0\u00bb border_color=\u00a0\u00bb#ffffff\u00a0\u00bb border_style=\u00a0\u00bbsolid\u00a0\u00bb]Nous faisons tout type de\u00a0<strong>convoyage de semi remorques national et international<\/strong>:<\/p>\n<p>Frigo, ch\u00e2ssis g\u00e9rb\u00e9, porte contenaire, tautliner, citernes, b\u00e9nnes, tombereaux et autres moyens transport excption\u00e9l.<br \/>\n[\/et_pb_text][\/et_pb_column][\/et_pb_row][et_pb_row column_structure=\u00a0\u00bb1_3,1_3,1_3&Prime; admin_label=\u00a0\u00bbFila\u00a0\u00bb _builder_version=\u00a0\u00bb3.25&Prime; background_size=\u00a0\u00bbinitial\u00a0\u00bb background_position=\u00a0\u00bbtop_left\u00a0\u00bb background_repeat=\u00a0\u00bbrepeat\u00a0\u00bb][et_pb_column type=\u00a0\u00bb1_3&Prime; _builder_version=\u00a0\u00bb4.0.9&Prime;][et_pb_image src=\u00a0\u00bbhttps:\/\/www.transcuevas2007.com\/wp-content\/uploads\/2020\/01\/remorques-de-transport-1.jpg\u00a0\u00bb alt=\u00a0\u00bbTranscuevas2007,remorques de transport-1&Prime; title_text=\u00a0\u00bbTranscuevas2007,remorques de transport-1&Prime; show_in_lightbox=\u00a0\u00bbon\u00a0\u00bb align_tablet=\u00a0\u00bbcenter\u00a0\u00bb align_phone=\u00a0\u00bb\u00a0\u00bb align_last_edited=\u00a0\u00bbon|desktop\u00a0\u00bb admin_label=\u00a0\u00bbImagen\u00a0\u00bb _builder_version=\u00a0\u00bb4.2.1&Prime; animation_direction=\u00a0\u00bbleft\u00a0\u00bb border_radii=\u00a0\u00bbon|27px|27px|27px|27px\u00a0\u00bb animation=\u00a0\u00bbleft\u00a0\u00bb use_border_color=\u00a0\u00bboff\u00a0\u00bb border_color=\u00a0\u00bb#ffffff\u00a0\u00bb border_style=\u00a0\u00bbsolid\u00a0\u00bb sticky=\u00a0\u00bboff\u00a0\u00bb always_center_on_mobile=\u00a0\u00bbon\u00a0\u00bb] [\/et_pb_image][et_pb_image src=\u00a0\u00bbhttps:\/\/www.transcuevas2007.com\/wp-content\/uploads\/2019\/12\/semirremolques-4.jpg\u00a0\u00bb alt=\u00a0\u00bbTranscuevas2007,remorques de transport-4&Prime; title_text=\u00a0\u00bbTranscuevas2007,remorques de transport-4&Prime; show_in_lightbox=\u00a0\u00bbon\u00a0\u00bb align_tablet=\u00a0\u00bbcenter\u00a0\u00bb align_phone=\u00a0\u00bb\u00a0\u00bb align_last_edited=\u00a0\u00bbon|desktop\u00a0\u00bb admin_label=\u00a0\u00bbImagen\u00a0\u00bb _builder_version=\u00a0\u00bb4.1&Prime; animation_direction=\u00a0\u00bbleft\u00a0\u00bb border_radii=\u00a0\u00bbon|27px|27px|27px|27px\u00a0\u00bb animation=\u00a0\u00bbleft\u00a0\u00bb use_border_color=\u00a0\u00bboff\u00a0\u00bb border_color=\u00a0\u00bb#ffffff\u00a0\u00bb border_style=\u00a0\u00bbsolid\u00a0\u00bb sticky=\u00a0\u00bboff\u00a0\u00bb always_center_on_mobile=\u00a0\u00bbon\u00a0\u00bb] [\/et_pb_image][\/et_pb_column][et_pb_column type=\u00a0\u00bb1_3&Prime; _builder_version=\u00a0\u00bb3.25&Prime; custom_padding=\u00a0\u00bb|||\u00a0\u00bb custom_padding__hover=\u00a0\u00bb|||\u00a0\u00bb][et_pb_image src=\u00a0\u00bbhttps:\/\/www.transcuevas2007.com\/wp-content\/uploads\/2020\/05\/remorques-de-transport-2.jpg\u00a0\u00bb alt=\u00a0\u00bbremorques-de-transport-2&Prime; title_text=\u00a0\u00bbremorques-de-transport-2&Prime; show_in_lightbox=\u00a0\u00bbon\u00a0\u00bb align_tablet=\u00a0\u00bbcenter\u00a0\u00bb align_phone=\u00a0\u00bb\u00a0\u00bb align_last_edited=\u00a0\u00bbon|desktop\u00a0\u00bb admin_label=\u00a0\u00bbImagen\u00a0\u00bb _builder_version=\u00a0\u00bb4.4.7&Prime; animation_direction=\u00a0\u00bbleft\u00a0\u00bb hover_enabled=\u00a0\u00bb0&Prime; border_radii=\u00a0\u00bbon|27px|27px|27px|27px\u00a0\u00bb animation=\u00a0\u00bbleft\u00a0\u00bb use_border_color=\u00a0\u00bboff\u00a0\u00bb border_color=\u00a0\u00bb#ffffff\u00a0\u00bb border_style=\u00a0\u00bbsolid\u00a0\u00bb sticky=\u00a0\u00bboff\u00a0\u00bb always_center_on_mobile=\u00a0\u00bbon\u00a0\u00bb] [\/et_pb_image][et_pb_image src=\u00a0\u00bbhttps:\/\/www.transcuevas2007.com\/wp-content\/uploads\/2019\/12\/semirremolques-1.jpg\u00a0\u00bb alt=\u00a0\u00bbTranscuevas2007,remorques de transport-5&Prime; title_text=\u00a0\u00bbTranscuevas2007,remorques de transport-5&Prime; show_in_lightbox=\u00a0\u00bbon\u00a0\u00bb align_tablet=\u00a0\u00bbcenter\u00a0\u00bb align_phone=\u00a0\u00bb\u00a0\u00bb align_last_edited=\u00a0\u00bbon|desktop\u00a0\u00bb admin_label=\u00a0\u00bbImagen\u00a0\u00bb _builder_version=\u00a0\u00bb4.1&Prime; animation_direction=\u00a0\u00bbleft\u00a0\u00bb border_radii=\u00a0\u00bbon|27px|27px|27px|27px\u00a0\u00bb animation=\u00a0\u00bbleft\u00a0\u00bb use_border_color=\u00a0\u00bboff\u00a0\u00bb border_color=\u00a0\u00bb#ffffff\u00a0\u00bb border_style=\u00a0\u00bbsolid\u00a0\u00bb sticky=\u00a0\u00bboff\u00a0\u00bb always_center_on_mobile=\u00a0\u00bbon\u00a0\u00bb] [\/et_pb_image][\/et_pb_column][et_pb_column type=\u00a0\u00bb1_3&Prime; _builder_version=\u00a0\u00bb3.25&Prime; custom_padding=\u00a0\u00bb|||\u00a0\u00bb custom_padding__hover=\u00a0\u00bb|||\u00a0\u00bb][et_pb_image src=\u00a0\u00bbhttps:\/\/www.transcuevas2007.com\/wp-content\/uploads\/2019\/12\/semirremolques-3.jpg\u00a0\u00bb alt=\u00a0\u00bbTranscuevas2007,remorques de transport-3&Prime; title_text=\u00a0\u00bbTranscuevas2007,remorques de transport-3&Prime; show_in_lightbox=\u00a0\u00bbon\u00a0\u00bb align_tablet=\u00a0\u00bbcenter\u00a0\u00bb align_phone=\u00a0\u00bb\u00a0\u00bb align_last_edited=\u00a0\u00bbon|desktop\u00a0\u00bb admin_label=\u00a0\u00bbImagen\u00a0\u00bb _builder_version=\u00a0\u00bb4.1&Prime; animation_direction=\u00a0\u00bbleft\u00a0\u00bb border_radii=\u00a0\u00bbon|27px|27px|27px|27px\u00a0\u00bb animation=\u00a0\u00bbleft\u00a0\u00bb use_border_color=\u00a0\u00bboff\u00a0\u00bb border_color=\u00a0\u00bb#ffffff\u00a0\u00bb border_style=\u00a0\u00bbsolid\u00a0\u00bb sticky=\u00a0\u00bboff\u00a0\u00bb always_center_on_mobile=\u00a0\u00bbon\u00a0\u00bb] [\/et_pb_image][et_pb_image src=\u00a0\u00bbhttps:\/\/www.transcuevas2007.com\/wp-content\/uploads\/2020\/03\/Transcuevas2007remorques-de-transport-6.jpg\u00a0\u00bb alt=\u00a0\u00bbTranscuevas2007,remorques de transport-6&Prime; title_text=\u00a0\u00bbTranscuevas2007,remorques de transport-6&Prime; show_in_lightbox=\u00a0\u00bbon\u00a0\u00bb align_tablet=\u00a0\u00bbcenter\u00a0\u00bb align_phone=\u00a0\u00bb\u00a0\u00bb align_last_edited=\u00a0\u00bbon|desktop\u00a0\u00bb admin_label=\u00a0\u00bbImagen\u00a0\u00bb _builder_version=\u00a0\u00bb4.4.1&Prime; animation_direction=\u00a0\u00bbleft\u00a0\u00bb border_radii=\u00a0\u00bbon|27px|27px|27px|27px\u00a0\u00bb animation=\u00a0\u00bbleft\u00a0\u00bb use_border_color=\u00a0\u00bboff\u00a0\u00bb border_color=\u00a0\u00bb#ffffff\u00a0\u00bb border_style=\u00a0\u00bbsolid\u00a0\u00bb sticky=\u00a0\u00bboff\u00a0\u00bb always_center_on_mobile=\u00a0\u00bbon\u00a0\u00bb] [\/et_pb_image][\/et_pb_column][\/et_pb_row][et_pb_row admin_label=\u00a0\u00bbFila\u00a0\u00bb _builder_version=\u00a0\u00bb3.25&Prime; background_size=\u00a0\u00bbinitial\u00a0\u00bb background_position=\u00a0\u00bbtop_left\u00a0\u00bb background_repeat=\u00a0\u00bbrepeat\u00a0\u00bb][et_pb_column type=\u00a0\u00bb4_4&Prime; _builder_version=\u00a0\u00bb3.25&Prime; custom_padding=\u00a0\u00bb|||\u00a0\u00bb custom_padding__hover=\u00a0\u00bb|||\u00a0\u00bb][et_pb_text content_tablet=\u00a0\u00bb\u00a0\u00bb content_phone=\u00a0\u00bb<\/p>\n<p style=%22text-align: justify;%22>Nous enlevons votre <strong>semi remorque<\/strong> o\u00f9 vous le souhaitez:<\/p>\n<ul>\n<li>Chez le fabriquant<\/li>\n<li>Chez votre client<\/li>\n<li>Chez votre carrossier<\/li>\n<li>Dans vos instalations<\/li>\n<\/ul>\n<p style=%22text-align: justify;%22>Nous livrons votre <strong>semi remorque<\/strong> o\u00f9 vous le souhaitez:<\/p>\n<ul>\n<li>Toute l\u00b4Europe.<\/li>\n<\/ul>\n<p style=%22text-align: justify;%22>Nous vous garantissons des prix comp\u00e9titifs, sans surprises, et nous prenons en charge tous les frais de transport:<\/p>\n<ul>\n<li>Autoroutes.<\/li>\n<li>Taxes en Alemagne, au Benelux, en Autriche.<\/li>\n<li>Ferry, si le cas se pr\u00e9sente\u2026<\/li>\n<\/ul>\n<p style=%22text-align: justify;%22>Nous offrons gratuitement notre service de <a title=%22gps%22 href=%22http:\/\/www.movildata.com\/acceso.html%22 data-et-target-link=%22_blank%22 rel=%22noopener noreferrer%22>surveillance par satellite<\/a> des convoyages, de la collecte \u00e0 la livraison de la semi remorque<\/p>\n<p>\u00a0\u00bb content_last_edited=\u00a0\u00bbon|phone\u00a0\u00bb admin_label=\u00a0\u00bbTexto\u00a0\u00bb _builder_version=\u00a0\u00bb4.1&Prime; background_size=\u00a0\u00bbinitial\u00a0\u00bb background_position=\u00a0\u00bbtop_left\u00a0\u00bb background_repeat=\u00a0\u00bbrepeat\u00a0\u00bb use_border_color=\u00a0\u00bboff\u00a0\u00bb border_color=\u00a0\u00bb#ffffff\u00a0\u00bb border_style=\u00a0\u00bbsolid\u00a0\u00bb]Nous enlevons votre\u00a0<strong>semi remorque<\/strong>\u00a0o\u00f9 vous le souhaitez:<\/p>\n<ul>\n<li>Chez le fabriquant<\/li>\n<li>Chez votre client<\/li>\n<li>Chez votre carrossier<\/li>\n<li>Dans vos\u00a0instalations<\/li>\n<\/ul>\n<p>Nous livrons votre\u00a0<strong>semi remorque<\/strong>\u00a0o\u00f9 vous le souhaitez:<\/p>\n<ul>\n<li>Toute l\u00b4Europe.<\/li>\n<\/ul>\n<p>Nous vous garantissons des prix comp\u00e9titifs, sans surprises, et nous prenons en charge tous les frais de transport:<\/p>\n<ul>\n<li>Autoroutes.<\/li>\n<li>Taxes en Alemagne, au Benelux, en Autriche.<\/li>\n<li>Ferry, si le cas se pr\u00e9sente\u2026<\/li>\n<\/ul>\n<p>Nous offrons gratuitement notre service de\u00a0<a title=\"gps\" href=\"http:\/\/www.movildata.com\/acceso.html\" target=\"_blank\" rel=\"noopener noreferrer\">surveillance par satellite<\/a>\u00a0des convoyages, de la collecte \u00e0 la livraison de la semi remorque<br \/>\n[\/et_pb_text][et_pb_text admin_label=\u00a0\u00bbTexto\u00a0\u00bb _builder_version=\u00a0\u00bb4.0.9&Prime; background_size=\u00a0\u00bbinitial\u00a0\u00bb background_position=\u00a0\u00bbtop_left\u00a0\u00bb background_repeat=\u00a0\u00bbrepeat\u00a0\u00bb use_border_color=\u00a0\u00bboff\u00a0\u00bb border_color=\u00a0\u00bb#ffffff\u00a0\u00bb border_style=\u00a0\u00bbsolid\u00a0\u00bb]<\/p>\n<h2 style=\"text-align: center;\"><strong>Nous garantissons la date de livraison.<\/strong><\/h2>\n<p>[\/et_pb_text][\/et_pb_column][\/et_pb_row][et_pb_row padding_mobile=\u00a0\u00bboff\u00a0\u00bb column_padding_mobile=\u00a0\u00bbon\u00a0\u00bb admin_label=\u00a0\u00bbFila\u00a0\u00bb _builder_version=\u00a0\u00bb3.25&Prime; background_size=\u00a0\u00bbinitial\u00a0\u00bb background_position=\u00a0\u00bbtop_left\u00a0\u00bb background_repeat=\u00a0\u00bbrepeat\u00a0\u00bb make_fullwidth=\u00a0\u00bboff\u00a0\u00bb use_custom_width=\u00a0\u00bboff\u00a0\u00bb width_unit=\u00a0\u00bbon\u00a0\u00bb][et_pb_column type=\u00a0\u00bb4_4&Prime; _builder_version=\u00a0\u00bb3.25&Prime; custom_padding=\u00a0\u00bb|||\u00a0\u00bb custom_padding__hover=\u00a0\u00bb|||\u00a0\u00bb][et_pb_image src=\u00a0\u00bbhttps:\/\/www.transcuevas2007.com\/wp-content\/uploads\/2019\/12\/Transcuevas2007-certains-de-nos-clients.jpg\u00a0\u00bb alt=\u00a0\u00bb Transcuevas2007, Certains de nosclients: krone, Felbinder, fruehauf, Lamberet, lecitrailer, chereau, soriberica, SpitzerEurovrac, Benalu, Parcisa, Schmitz.\u00a0\u00bb title_text=\u00a0\u00bb Transcuevas2007, Certains de nosclients\u00a0\u00bb align_tablet=\u00a0\u00bbcenter\u00a0\u00bb align_phone=\u00a0\u00bb\u00a0\u00bb align_last_edited=\u00a0\u00bbon|desktop\u00a0\u00bb admin_label=\u00a0\u00bbImagen\u00a0\u00bb _builder_version=\u00a0\u00bb4.0.9&Prime; animation_style=\u00a0\u00bbslide\u00a0\u00bb animation_direction=\u00a0\u00bbleft\u00a0\u00bb animation_duration=\u00a0\u00bb500ms\u00a0\u00bb animation_intensity_slide=\u00a0\u00bb10%\u00a0\u00bb animation=\u00a0\u00bbleft\u00a0\u00bb use_border_color=\u00a0\u00bboff\u00a0\u00bb border_color=\u00a0\u00bb#ffffff\u00a0\u00bb border_style=\u00a0\u00bbsolid\u00a0\u00bb sticky=\u00a0\u00bboff\u00a0\u00bb always_center_on_mobile=\u00a0\u00bbon\u00a0\u00bb] [\/et_pb_image][\/et_pb_column][\/et_pb_row][\/et_pb_section]<\/p>\n","protected":false},"excerpt":{"rendered":"<p>Nous faisons tout type de\u00a0convoyage de semi remorques national et international: Frigo, ch\u00e2ssis g\u00e9rb\u00e9, porte contenaire, tautliner, citernes, b\u00e9nnes, tombereaux et autres moyens transport excption\u00e9l. Nous enlevons votre\u00a0semi remorque\u00a0o\u00f9 vous le souhaitez: Chez le fabriquant Chez votre client Chez votre carrossier Dans vos\u00a0instalations Nous livrons votre\u00a0semi remorque\u00a0o\u00f9 vous le souhaitez: Toute l\u00b4Europe. Nous vous garantissons [&hellip;]<\/p>\n","protected":false},"author":1,"featured_media":0,"parent":0,"menu_order":0,"comment_status":"closed","ping_status":"closed","template":"","meta":{"_et_pb_use_builder":"on","_et_pb_old_content":"","_et_gb_content_width":"","footnotes":""},"class_list":["post-1899","page","type-page","status-publish","hentry"],"aioseo_notices":[],"_links":{"self":[{"href":"https:\/\/www.transcuevas2007.com\/fr\/wp-json\/wp\/v2\/pages\/1899","targetHints":{"allow":["GET"]}}],"collection":[{"href":"https:\/\/www.transcuevas2007.com\/fr\/wp-json\/wp\/v2\/pages"}],"about":[{"href":"https:\/\/www.transcuevas2007.com\/fr\/wp-json\/wp\/v2\/types\/page"}],"author":[{"embeddable":true,"href":"https:\/\/www.transcuevas2007.com\/fr\/wp-json\/wp\/v2\/users\/1"}],"replies":[{"embeddable":true,"href":"https:\/\/www.transcuevas2007.com\/fr\/wp-json\/wp\/v2\/comments?post=1899"}],"version-history":[{"count":27,"href":"https:\/\/www.transcuevas2007.com\/fr\/wp-json\/wp\/v2\/pages\/1899\/revisions"}],"predecessor-version":[{"id":3037,"href":"https:\/\/www.transcuevas2007.com\/fr\/wp-json\/wp\/v2\/pages\/1899\/revisions\/3037"}],"wp:attachment":[{"href":"https:\/\/www.transcuevas2007.com\/fr\/wp-json\/wp\/v2\/media?parent=1899"}],"curies":[{"name":"wp","href":"https:\/\/api.w.org\/{rel}","templated":true}]}}