{"id":1714,"date":"2019-12-08T08:43:44","date_gmt":"2019-12-08T08:43:44","guid":{"rendered":"https:\/\/www.transcuevas2007.com\/transcuevas2007\/"},"modified":"2025-12-27T17:06:56","modified_gmt":"2025-12-27T17:06:56","slug":"transcuevas2007","status":"publish","type":"page","link":"https:\/\/www.transcuevas2007.com\/fr\/","title":{"rendered":"Transcuevas2007"},"content":{"rendered":"<p>[et_pb_section fb_built=\u00a0\u00bb1&Prime; fullwidth=\u00a0\u00bbon\u00a0\u00bb custom_padding_last_edited=\u00a0\u00bbon|desktop\u00a0\u00bb disabled_on=\u00a0\u00bboff|off|off\u00a0\u00bb admin_label=\u00a0\u00bbsection\u00a0\u00bb _builder_version=\u00a0\u00bb4.16&Prime; background_color=\u00a0\u00bb#242424&Prime; custom_padding_tablet=\u00a0\u00bb50px|0|50px|0&Prime; custom_padding_phone=\u00a0\u00bb\u00a0\u00bb global_colors_info=\u00a0\u00bb{}\u00a0\u00bb][et_pb_fullwidth_image src=\u00a0\u00bbhttps:\/\/www.transcuevas2007.com\/wp-content\/uploads\/2019\/12\/Transcuevas2007-banner.png\u00a0\u00bb _builder_version=\u00a0\u00bb4.16&Prime; custom_margin=\u00a0\u00bb-8px||||false|false\u00a0\u00bb custom_margin_tablet=\u00a0\u00bb-51px||||false|false\u00a0\u00bb custom_margin_phone=\u00a0\u00bb\u00a0\u00bb custom_margin_last_edited=\u00a0\u00bbon|tablet\u00a0\u00bb filter_saturate=\u00a0\u00bb102%\u00a0\u00bb filter_brightness=\u00a0\u00bb152%\u00a0\u00bb filter_contrast=\u00a0\u00bb191%\u00a0\u00bb filter_saturate_tablet=\u00a0\u00bb\u00a0\u00bb filter_saturate_phone=\u00a0\u00bb\u00a0\u00bb filter_saturate_last_edited=\u00a0\u00bbon|desktop\u00a0\u00bb global_colors_info=\u00a0\u00bb{}\u00a0\u00bb][\/et_pb_fullwidth_image][et_pb_fullwidth_header title=\u00a0\u00bbConvoyage de semi remorques.\u00a0\u00bb text_orientation=\u00a0\u00bbcenter\u00a0\u00bb button_one_text=\u00a0\u00bbNos Services\u00a0\u00bb button_one_url=\u00a0\u00bbhttps:\/\/www.transcuevas2007.com\/fr\/nos-services\/\u00a0\u00bb button_two_text=\u00a0\u00bbContactez\u00a0\u00bb button_two_url=\u00a0\u00bbhttps:\/\/www.transcuevas2007.com\/fr\/contacts\/\u00a0\u00bb background_overlay_color=\u00a0\u00bb#242424&Prime; _builder_version=\u00a0\u00bb4.27.4&Prime; title_font_size=\u00a0\u00bb37px\u00a0\u00bb content_font_size=\u00a0\u00bb21px\u00a0\u00bb content_line_height=\u00a0\u00bb1.8em\u00a0\u00bb animation_style=\u00a0\u00bbzoom\u00a0\u00bb hover_enabled=\u00a0\u00bb0&Prime; global_colors_info=\u00a0\u00bb{}\u00a0\u00bb sticky_enabled=\u00a0\u00bb0&Prime;]<\/p>\n<p>Transcuevas 2,007 S.L.U. c\u00b4est un soci\u00e9t\u00e9 dynamique et en croissance, sp\u00e9cialis\u00e9e dans le <strong>convoyage de semi remorques.<\/strong><\/p>\n<p>[\/et_pb_fullwidth_header][\/et_pb_section][et_pb_section fb_built=\u00a0\u00bb1&Prime; admin_label=\u00a0\u00bbsection\u00a0\u00bb _builder_version=\u00a0\u00bb4.16&Prime; global_colors_info=\u00a0\u00bb{}\u00a0\u00bb][et_pb_row column_structure=\u00a0\u00bb1_2,1_2&Prime; padding_mobile=\u00a0\u00bboff\u00a0\u00bb column_padding_mobile=\u00a0\u00bbon\u00a0\u00bb admin_label=\u00a0\u00bbrow\u00a0\u00bb _builder_version=\u00a0\u00bb4.16&Prime; background_size=\u00a0\u00bbinitial\u00a0\u00bb background_position=\u00a0\u00bbtop_left\u00a0\u00bb background_repeat=\u00a0\u00bbrepeat\u00a0\u00bb make_fullwidth=\u00a0\u00bboff\u00a0\u00bb use_custom_width=\u00a0\u00bboff\u00a0\u00bb width_unit=\u00a0\u00bbon\u00a0\u00bb global_colors_info=\u00a0\u00bb{}\u00a0\u00bb][et_pb_column type=\u00a0\u00bb1_2&Prime; _builder_version=\u00a0\u00bb4.16&Prime; background_color=\u00a0\u00bbrgba(0,0,0,0)\u00a0\u00bb custom_padding=\u00a0\u00bb|||\u00a0\u00bb global_colors_info=\u00a0\u00bb{}\u00a0\u00bb custom_padding__hover=\u00a0\u00bb|||\u00a0\u00bb][et_pb_blurb url=\u00a0\u00bbhttp:\/\/www.movildata.com\/acceso.html\u00a0\u00bb use_icon=\u00a0\u00bbon\u00a0\u00bb font_icon=\u00a0\u00bb&#xe081;||divi||400&Prime; icon_color=\u00a0\u00bb#2ea3f2&Prime; admin_label=\u00a0\u00bbBlurb\u00a0\u00bb _builder_version=\u00a0\u00bb4.16&Prime; background_size=\u00a0\u00bbinitial\u00a0\u00bb background_position=\u00a0\u00bbtop_left\u00a0\u00bb background_repeat=\u00a0\u00bbrepeat\u00a0\u00bb text_orientation=\u00a0\u00bbjustified\u00a0\u00bb max_width_tablet=\u00a0\u00bb50px\u00a0\u00bb animation=\u00a0\u00bboff\u00a0\u00bb use_border_color=\u00a0\u00bboff\u00a0\u00bb global_colors_info=\u00a0\u00bb{}\u00a0\u00bb]Tous nos v\u00e9hicules sont des localisateur GPS, de sorte que, \u00e0 tout moment de savoir o\u00f9 votre\u00a0<strong>semi remorques<\/strong>.<br \/>\n[\/et_pb_blurb][et_pb_button button_url=\u00a0\u00bbhttps:\/\/movildata.com\/acceso.html\u00a0\u00bb url_new_window=\u00a0\u00bbon\u00a0\u00bb button_text=\u00a0\u00bbLocalisateur GPS\u00a0\u00bb button_alignment=\u00a0\u00bbcenter\u00a0\u00bb _builder_version=\u00a0\u00bb4.16&Prime; global_colors_info=\u00a0\u00bb{}\u00a0\u00bb][\/et_pb_button][\/et_pb_column][et_pb_column type=\u00a0\u00bb1_2&Prime; _builder_version=\u00a0\u00bb4.16&Prime; custom_padding=\u00a0\u00bb|||\u00a0\u00bb global_colors_info=\u00a0\u00bb{}\u00a0\u00bb custom_padding__hover=\u00a0\u00bb|||\u00a0\u00bb][et_pb_blurb url=\u00a0\u00bbhttps:\/\/www.transcuevas2007.com\/contacts\/\u00a0\u00bb use_icon=\u00a0\u00bbon\u00a0\u00bb font_icon=\u00a0\u00bb&#xe0e0;||divi||400&Prime; icon_color=\u00a0\u00bb#2ea3f2&Prime; admin_label=\u00a0\u00bbBlurb\u00a0\u00bb _builder_version=\u00a0\u00bb4.16&Prime; background_size=\u00a0\u00bbinitial\u00a0\u00bb background_position=\u00a0\u00bbtop_left\u00a0\u00bb background_repeat=\u00a0\u00bbrepeat\u00a0\u00bb text_orientation=\u00a0\u00bbjustified\u00a0\u00bb max_width_tablet=\u00a0\u00bb50px\u00a0\u00bb animation=\u00a0\u00bboff\u00a0\u00bb use_border_color=\u00a0\u00bboff\u00a0\u00bb global_colors_info=\u00a0\u00bb{}\u00a0\u00bb]Nous sommues pr\u00e9vue de W avec assurance touts risques.<br \/>\n[\/et_pb_blurb][et_pb_image src=\u00a0\u00bbhttps:\/\/www.transcuevas2007.com\/wp-content\/uploads\/2021\/09\/MATRICULA-SEGURO-21-1.png\u00a0\u00bb alt=\u00a0\u00bbMATRICULA-SEGURO-21&Prime; title_text=\u00a0\u00bbMATRICULA-SEGURO-21&Prime; _builder_version=\u00a0\u00bb4.16&Prime; width=\u00a0\u00bb50%\u00a0\u00bb module_alignment=\u00a0\u00bbcenter\u00a0\u00bb global_colors_info=\u00a0\u00bb{}\u00a0\u00bb][\/et_pb_image][\/et_pb_column][\/et_pb_row][et_pb_row column_structure=\u00a0\u00bb1_2,1_2&Prime; _builder_version=\u00a0\u00bb4.16&Prime; min_height=\u00a0\u00bb1183px\u00a0\u00bb custom_margin_tablet=\u00a0\u00bb\u00a0\u00bb custom_margin_phone=\u00a0\u00bb20px||||false|false\u00a0\u00bb custom_margin_last_edited=\u00a0\u00bbon|phone\u00a0\u00bb global_colors_info=\u00a0\u00bb{}\u00a0\u00bb][et_pb_column type=\u00a0\u00bb1_2&Prime; _builder_version=\u00a0\u00bb4.16&Prime; global_colors_info=\u00a0\u00bb{}\u00a0\u00bb][et_pb_blurb title=\u00a0\u00bbSP\u00c9CIALISTES DU CONVOYAGE DE SEMI REMORQUES\u00a0\u00bb content_tablet=\u00a0\u00bb<\/p>\n<p style=%22text-align: justify;%22><strong>Transcuevas 2007 s.l.<\/strong> est une soci\u00e9t\u00e9 sp\u00e9cialis\u00e9e dans le <strong>convoyage routier de semi remorques<\/strong> por toute l\u00b4Europe. La soci\u00e9te\u2019  a  \u00e9te\u2019  cr\u00e9\u00e9e en 1987 pour l\u2019 activit\u00e9e transport intenational. Depuis 2002, la soci\u00e9t\u00e9 est sp\u00e9cialis\u00e9e dans le <strong>convoyage de semi remorques<\/strong>.<\/p>\n<p>\u00a0\u00bb content_phone=\u00a0\u00bb<\/p>\n<p style=%22text-align: justify;%22><strong>Transcuevas 2007 s.l.<\/strong> est une soci\u00e9t\u00e9 sp\u00e9cialis\u00e9e dans le <strong>convoyage routier de semi remorques<\/strong> por toute l\u00b4Europe. La soci\u00e9te\u2019 a \u00e9te\u2019 cr\u00e9\u00e9e en 1987 pour l\u2019 activit\u00e9e transport intenational. Depuis 2002, la soci\u00e9t\u00e9 est sp\u00e9cialis\u00e9e dans le <strong>convoyage de semi remorques<\/strong>.<\/p>\n<p>\u00a0\u00bb content_last_edited=\u00a0\u00bbon|phone\u00a0\u00bb _builder_version=\u00a0\u00bb4.16&Prime; header_level=\u00a0\u00bbh2&Prime; header_font=\u00a0\u00bb|600|||||||\u00a0\u00bb header_text_align_tablet=\u00a0\u00bb\u00a0\u00bb header_text_align_phone=\u00a0\u00bbcenter\u00a0\u00bb header_text_align_last_edited=\u00a0\u00bbon|phone\u00a0\u00bb global_colors_info=\u00a0\u00bb{}\u00a0\u00bb]<\/p>\n<p style=\"text-align: justify;\"><strong>Transcuevas 2007 s.l.<\/strong>\u00a0est une soci\u00e9t\u00e9 sp\u00e9cialis\u00e9e dans le\u00a0<strong>convoyage routier de semi remorques<\/strong>\u00a0por toute l\u00b4Europe. La soci\u00e9te\u2019\u00a0 a \u00a0\u00e9te\u2019\u00a0 cr\u00e9\u00e9e en 1987 pour l\u2019 activit\u00e9e transport intenational. Depuis 2002, la soci\u00e9t\u00e9 est sp\u00e9cialis\u00e9e dans le\u00a0<strong>convoyage de semi remorques<\/strong>.<\/p>\n<p>[\/et_pb_blurb][et_pb_image src=\u00a0\u00bbhttps:\/\/www.transcuevas2007.com\/wp-content\/uploads\/2019\/12\/Tramscuevas2007_banner-1.jpg\u00a0\u00bb align=\u00a0\u00bbcenter\u00a0\u00bb _builder_version=\u00a0\u00bb4.16&Prime; width=\u00a0\u00bb100%\u00a0\u00bb filter_brightness=\u00a0\u00bb175%\u00a0\u00bb filter_contrast=\u00a0\u00bb200%\u00a0\u00bb filter_opacity=\u00a0\u00bb78%\u00a0\u00bb global_colors_info=\u00a0\u00bb{}\u00a0\u00bb][\/et_pb_image][et_pb_cta title=\u00a0\u00bbNOTRE ENGAGEMENT\u00a0\u00bb button_text=\u00a0\u00bbClics\u00a0\u00bb content_tablet=\u00a0\u00bb<\/p>\n<p style=%22text-align: justify;%22>Notre engagement et notre professionnalisme ont fait que durant les ann\u00e9es 2015, 2016 et 2017, la Mutuelle Universelle accorde les dipl\u00f4mes pour avoir distingu\u00e9 la r\u00e9duction du taux d\u2019accidents du travail conform\u00e9ment aux exigences \u00e9tablies dans le RD 404\/2010 du 31 mars.<\/p>\n<\/p>\n<p><img class=%22wp-image-1592 alignnone size-medium%22 style=%22display: block; margin-left: auto; margin-right: auto;%22 src=%22https:\/\/www.transcuevas2007.com\/wp-content\/uploads\/2019\/12\/transcuevas2007-certificado-sinistralidad-laboral-300x225.jpg%22 alt=%22transcuevas2007-certificado-sinistralidad-laboral%22 width=%22497%22 height=%22365%22 \/><\/p>\n<\/p>\n<p>\u00a0\u00bb content_phone=\u00a0\u00bb<\/p>\n<p style=%22text-align: justify;%22>Notre engagement et notre professionnalisme ont fait que durant les ann\u00e9es 2015, 2016 et 2017, la Mutuelle Universelle accorde les dipl\u00f4mes pour avoir distingu\u00e9 la r\u00e9duction du taux d\u2019accidents du travail conform\u00e9ment aux exigences \u00e9tablies dans le RD 404\/2010 du 31 mars.<\/p>\n<\/p>\n<p><img class=%22wp-image-1592 alignnone size-medium%22 style=%22display: block; margin-left: auto; margin-right: auto;%22 src=%22https:\/\/www.transcuevas2007.com\/wp-content\/uploads\/2019\/12\/transcuevas2007-certificado-sinistralidad-laboral-300x225.jpg%22 alt=%22transcuevas2007-certificado-sinistralidad-laboral%22 width=%22497%22 height=%22365%22 \/><\/p>\n<\/p>\n<p>\u00a0\u00bb content_last_edited=\u00a0\u00bbon|tablet\u00a0\u00bb _builder_version=\u00a0\u00bb4.16&Prime; header_font=\u00a0\u00bb|600|||||||\u00a0\u00bb background_enable_color=\u00a0\u00bboff\u00a0\u00bb background_layout=\u00a0\u00bblight\u00a0\u00bb custom_padding=\u00a0\u00bb||20px||false|false\u00a0\u00bb global_colors_info=\u00a0\u00bb{}\u00a0\u00bb]<\/p>\n<p style=\"text-align: justify;\">Notre engagement et notre professionnalisme ont fait que durant les ann\u00e9es 2015, 2016 et 2017, la Mutuelle Universelle accorde les dipl\u00f4mes pour avoir distingu\u00e9 la r\u00e9duction du taux d\u2019accidents du travail conform\u00e9ment aux exigences \u00e9tablies dans le RD 404\/2010 du 31 mars.<\/p>\n<p>&nbsp;<\/p>\n<p><img loading=\"lazy\" decoding=\"async\" class=\"wp-image-1592 alignnone size-medium\" style=\"display: block; margin-left: auto; margin-right: auto;\" src=\"https:\/\/www.transcuevas2007.com\/wp-content\/uploads\/2019\/12\/transcuevas2007-certificado-sinistralidad-laboral-300x225.jpg\" alt=\"transcuevas2007-certificado-sinistralidad-laboral\" width=\"497\" height=\"365\" srcset=\"https:\/\/www.transcuevas2007.com\/wp-content\/uploads\/2019\/12\/transcuevas2007-certificado-sinistralidad-laboral-300x225.jpg 497w, https:\/\/www.transcuevas2007.com\/wp-content\/uploads\/2019\/12\/transcuevas2007-certificado-sinistralidad-laboral-480x360.jpg 480w\" sizes=\"(min-width: 0px) and (max-width: 480px) 480px, (min-width: 481px) 497px, 100vw\" \/><\/p>\n<p>&nbsp;<\/p>\n<p>[\/et_pb_cta][\/et_pb_column][et_pb_column type=\u00a0\u00bb1_2&Prime; _builder_version=\u00a0\u00bb4.16&Prime; global_colors_info=\u00a0\u00bb{}\u00a0\u00bb][et_pb_blurb title=\u00a0\u00bbPOURQUOI NOUS UTILISER?\u00a0\u00bb _builder_version=\u00a0\u00bb4.16&Prime; header_level=\u00a0\u00bbh2&Prime; header_font=\u00a0\u00bb|600|||||||\u00a0\u00bb custom_margin_tablet=\u00a0\u00bb\u00a0\u00bb custom_margin_phone=\u00a0\u00bb-31px||||false|false\u00a0\u00bb custom_margin_last_edited=\u00a0\u00bbon|phone\u00a0\u00bb global_colors_info=\u00a0\u00bb{}\u00a0\u00bb]<\/p>\n<ul>\n<li>Parce que le transport routier est en constante \u00e9volution.<\/li>\n<li>Parce que vous ne pouvez pas perdre du temps en transit qui ne rapporte pas d\u2019argent.<\/li>\n<li>Parce que vos chauffeurs doivent \u00eatre disponibles pour vos clients..<\/li>\n<li>Parce que nos chauffeurs sont form\u00e9s pour ce travail.\u00a0Fournir et remplir les documents pour le retrait de l\u2019usine de la semiremorque.Remplir les formulaires du w et l\u2019assurance.<\/li>\n<\/ul>\n<p>[\/et_pb_blurb][et_pb_blurb title=\u00a0\u00bbNOTRE BLOG\u00a0\u00bb use_icon=\u00a0\u00bbon\u00a0\u00bb font_icon=\u00a0\u00bb&#xe059;||divi||400&Prime; icon_color=\u00a0\u00bb#2ea3f2&Prime; icon_placement=\u00a0\u00bbleft\u00a0\u00bb _builder_version=\u00a0\u00bb4.16&Prime; header_level=\u00a0\u00bbh2&Prime; header_font=\u00a0\u00bb|600|||||||\u00a0\u00bb header_text_align=\u00a0\u00bbcenter\u00a0\u00bb header_font_size=\u00a0\u00bb31px\u00a0\u00bb background_enable_color=\u00a0\u00bboff\u00a0\u00bb custom_padding=\u00a0\u00bb18px||6px|15px|false|false\u00a0\u00bb global_colors_info=\u00a0\u00bb{}\u00a0\u00bb][\/et_pb_blurb][et_pb_post_slider include_categories=\u00a0\u00bball\u00a0\u00bb image_placement=\u00a0\u00bbleft\u00a0\u00bb use_bg_overlay=\u00a0\u00bboff\u00a0\u00bb use_text_overlay=\u00a0\u00bboff\u00a0\u00bb _builder_version=\u00a0\u00bb4.16&Prime; body_text_align=\u00a0\u00bbcenter\u00a0\u00bb background_color=\u00a0\u00bb#242424&Prime; transform_translate=\u00a0\u00bb0px|3px\u00a0\u00bb transform_origin=\u00a0\u00bb54%|-28%\u00a0\u00bb width=\u00a0\u00bb100%\u00a0\u00bb max_width=\u00a0\u00bb100%\u00a0\u00bb content_width=\u00a0\u00bb100%\u00a0\u00bb content_max_width=\u00a0\u00bb100%\u00a0\u00bb height=\u00a0\u00bb1003px\u00a0\u00bb max_height=\u00a0\u00bb643px\u00a0\u00bb custom_margin=\u00a0\u00bb-6px||||false|false\u00a0\u00bb custom_padding=\u00a0\u00bb40px||||false|false\u00a0\u00bb global_colors_info=\u00a0\u00bb{}\u00a0\u00bb][\/et_pb_post_slider][\/et_pb_column][\/et_pb_row][\/et_pb_section][et_pb_section fb_built=\u00a0\u00bb1&Prime; _builder_version=\u00a0\u00bb4.16&Prime; global_colors_info=\u00a0\u00bb{}\u00a0\u00bb][et_pb_row _builder_version=\u00a0\u00bb4.16&Prime; background_size=\u00a0\u00bbinitial\u00a0\u00bb background_position=\u00a0\u00bbtop_left\u00a0\u00bb background_repeat=\u00a0\u00bbrepeat\u00a0\u00bb custom_margin=\u00a0\u00bb-189px||||false|false\u00a0\u00bb global_colors_info=\u00a0\u00bb{}\u00a0\u00bb][et_pb_column type=\u00a0\u00bb4_4&Prime; _builder_version=\u00a0\u00bb4.16&Prime; custom_padding=\u00a0\u00bb|||\u00a0\u00bb global_colors_info=\u00a0\u00bb{}\u00a0\u00bb custom_padding__hover=\u00a0\u00bb|||\u00a0\u00bb][et_pb_image src=\u00a0\u00bbhttps:\/\/www.transcuevas2007.com\/wp-content\/uploads\/2019\/12\/Transcuevas2007-certains-de-nos-clients.jpg\u00a0\u00bb alt=\u00a0\u00bbconvoyage de semi remorques-certains de nos clients\u00a0\u00bb align=\u00a0\u00bbcenter\u00a0\u00bb align_tablet=\u00a0\u00bbcenter\u00a0\u00bb align_phone=\u00a0\u00bb\u00a0\u00bb align_last_edited=\u00a0\u00bbon|desktop\u00a0\u00bb _builder_version=\u00a0\u00bb4.16&Prime; animation_style=\u00a0\u00bbslide\u00a0\u00bb animation_direction=\u00a0\u00bbleft\u00a0\u00bb animation_duration=\u00a0\u00bb500ms\u00a0\u00bb animation_intensity_slide=\u00a0\u00bb10%\u00a0\u00bb animation=\u00a0\u00bbleft\u00a0\u00bb use_border_color=\u00a0\u00bboff\u00a0\u00bb border_color=\u00a0\u00bb#ffffff\u00a0\u00bb border_style=\u00a0\u00bbsolid\u00a0\u00bb sticky=\u00a0\u00bboff\u00a0\u00bb always_center_on_mobile=\u00a0\u00bbon\u00a0\u00bb global_colors_info=\u00a0\u00bb{}\u00a0\u00bb][\/et_pb_image][\/et_pb_column][\/et_pb_row][\/et_pb_section][et_pb_section fb_built=\u00a0\u00bb1&Prime; fullwidth=\u00a0\u00bbon\u00a0\u00bb _builder_version=\u00a0\u00bb4.16&Prime; background_color=\u00a0\u00bb#242424&Prime; z_index_tablet=\u00a0\u00bb500&Prime; box_shadow_horizontal_tablet=\u00a0\u00bb0px\u00a0\u00bb box_shadow_vertical_tablet=\u00a0\u00bb0px\u00a0\u00bb box_shadow_blur_tablet=\u00a0\u00bb40px\u00a0\u00bb box_shadow_spread_tablet=\u00a0\u00bb0px\u00a0\u00bb global_colors_info=\u00a0\u00bb{}\u00a0\u00bb][et_pb_fullwidth_code admin_label=\u00a0\u00bbmapa.2&Prime; _builder_version=\u00a0\u00bb4.27.4&Prime; text_orientation=\u00a0\u00bbcenter\u00a0\u00bb z_index_tablet=\u00a0\u00bb500&Prime; global_colors_info=\u00a0\u00bb{}\u00a0\u00bb]<iframe src=\"https:\/\/www.google.com\/maps\/embed?pb=!1m18!1m12!1m3!1d3528.4097169800734!2d-0.15274132354420422!3d41.794825370623364!2m3!1f0!2f0!3f0!3m2!1i1024!2i768!4f13.1!3m3!1m2!1s0xd588f0030906553%3A0x602c2a94f0f9f532!2sTranscuevas%202007%2C%20S.L.U.!5e1!3m2!1ses!2ses!4v1762884772873!5m2!1ses!2ses\" width=\"1800\" height=\"350\" style=\"border:0;\" allowfullscreen=\"\" loading=\"lazy\" referrerpolicy=\"no-referrer-when-downgrade\"><\/iframe>[\/et_pb_fullwidth_code][\/et_pb_section]<\/p>\n","protected":false},"excerpt":{"rendered":"<p>Transcuevas 2,007 S.L.U. c\u00b4est un soci\u00e9t\u00e9 dynamique et en croissance, sp\u00e9cialis\u00e9e dans le convoyage de semi remorques.Tous nos v\u00e9hicules sont des localisateur GPS, de sorte que, \u00e0 tout moment de savoir o\u00f9 votre\u00a0semi remorques. Nous sommues pr\u00e9vue de W avec assurance touts risques. Transcuevas 2007 s.l.\u00a0est une soci\u00e9t\u00e9 sp\u00e9cialis\u00e9e dans le\u00a0convoyage routier de semi remorques\u00a0por [&hellip;]<\/p>\n","protected":false},"author":1,"featured_media":0,"parent":0,"menu_order":0,"comment_status":"closed","ping_status":"closed","template":"","meta":{"_et_pb_use_builder":"on","_et_pb_old_content":"","_et_gb_content_width":"","footnotes":""},"class_list":["post-1714","page","type-page","status-publish","hentry"],"aioseo_notices":[],"_links":{"self":[{"href":"https:\/\/www.transcuevas2007.com\/fr\/wp-json\/wp\/v2\/pages\/1714","targetHints":{"allow":["GET"]}}],"collection":[{"href":"https:\/\/www.transcuevas2007.com\/fr\/wp-json\/wp\/v2\/pages"}],"about":[{"href":"https:\/\/www.transcuevas2007.com\/fr\/wp-json\/wp\/v2\/types\/page"}],"author":[{"embeddable":true,"href":"https:\/\/www.transcuevas2007.com\/fr\/wp-json\/wp\/v2\/users\/1"}],"replies":[{"embeddable":true,"href":"https:\/\/www.transcuevas2007.com\/fr\/wp-json\/wp\/v2\/comments?post=1714"}],"version-history":[{"count":34,"href":"https:\/\/www.transcuevas2007.com\/fr\/wp-json\/wp\/v2\/pages\/1714\/revisions"}],"predecessor-version":[{"id":3628,"href":"https:\/\/www.transcuevas2007.com\/fr\/wp-json\/wp\/v2\/pages\/1714\/revisions\/3628"}],"wp:attachment":[{"href":"https:\/\/www.transcuevas2007.com\/fr\/wp-json\/wp\/v2\/media?parent=1714"}],"curies":[{"name":"wp","href":"https:\/\/api.w.org\/{rel}","templated":true}]}}