{"id":2161,"date":"2019-12-14T16:46:31","date_gmt":"2019-12-14T16:46:31","guid":{"rendered":"https:\/\/www.transcuevas2007.com\/aviso-legal\/"},"modified":"2019-12-14T18:40:48","modified_gmt":"2019-12-14T18:40:48","slug":"aviso-legal","status":"publish","type":"page","link":"https:\/\/www.transcuevas2007.com\/en\/aviso-legal\/","title":{"rendered":"Aviso Legal"},"content":{"rendered":"\n[et_pb_section fb_built=&#8221;1&#8243; _builder_version=&#8221;4.0.7&#8243;][et_pb_row _builder_version=&#8221;4.0.7&#8243; hover_enabled=&#8221;0&#8243;][et_pb_column _builder_version=&#8221;4.0.7&#8243; type=&#8221;4_4&#8243;][et_pb_text _builder_version=&#8221;4.0.7&#8243; hover_enabled=&#8221;0&#8243; custom_padding=&#8221;||0px|||&#8221;]<h1>AVISO LEGAL<\/h1>\r\n<p>&nbsp;<\/p>\r\n<h3>INTRODUCCI\u00d3N<\/h3>\r\n<p style=\"text-align: justify;\">Este aviso legal contiene las normas de uso del portal www.transcuevas2007.com\u00a0 que TRANSCUEVAS 2007, S.L.U. como titular del mismo, pone a disposici\u00f3n de los usuarios de Internet, exclusivamente con el prop\u00f3sito de proporcionar informaci\u00f3n sobre productos y servicios ofrecidos, as\u00ed como para gestionar y seleccionar el perfil de los aspirantes y candidatos a los puestos de trabajo ofrecidos por TRANSCUEVAS 2007, S.L.U. El acceso y\/o uso del portal le atribuye la condici\u00f3n de usuario del mismo y supone la plena aceptaci\u00f3n de estas condiciones generales, que son aplicables sin perjuicio de las condiciones particulares o especiales que, si es necesario, se establecen. Si no acepta estas condiciones de uso, debe abstenerse de acceder y \/ o usar el portal.<\/p>\r\n<h3>IDENTIDAD DEL TITULAR DEL SITIO WEB<\/h3>\r\n<p style=\"text-align: justify;\">En cumplimiento del deber de informaci\u00f3n establecido en el art\u00edculo 10 de la Ley 34\/2002, de 11 de Julio, de Servicios de la Sociedad de la Informaci\u00f3n y Comercio Electr\u00f3nico, se informa de los datos identificativos de TRANSCUEVAS 2007, S.L.U.<\/p>\r\n<p>\u2013 Denominaci\u00f3n: TRANSCUEVAS 2007, S.L.U.<\/p>\r\n<p>\u2013 Domicilio social: \u00a0Avenida Fraga 16 Entresuelo\u00a0 22200 Sari\u00f1ena (Huesca)<\/p>\r\n<p>\u2013 CIF: B22323547<\/p>\r\n<h3>USUARIOS<\/h3>\r\n<p style=\"text-align: justify;\">Aunque el uso del sitio Web no exigen el registro de usuarios, es posible que la utilizaci\u00f3n de algunos servicios se condicionen al previo cumplimiento de un formulario, por eso, en relaci\u00f3n con los datos que se le piden, el usuario est\u00e1 obligado a facilitar y mantener la informaci\u00f3n de forma veraz, exacta, actualizada y completa sobre su identidad, habiendo de comunicar cualquier modificaci\u00f3n a TRANSCUEVAS 2007, S.L.U.<\/p>\r\n<p style=\"text-align: justify;\">Adem\u00e1s, el usuario se compromete a hacer un uso diligente del c\u00f3digo de usuario (login y password), a no ponerlos a disposici\u00f3n de terceros y a comunicar a TRANSCUEVAS 2007, S.L.U. la p\u00e9rdida o el robo y el posible acceso por parte de un tercero a estos, siendo el usuario el \u00fanico responsable hasta la citada notificaci\u00f3n.<\/p>\r\n<h3>PROPIEDAD INTELECTUAL E INDUSTRIAL<\/h3>\r\n<p>Esta web es propiedad de TRANSCUEVAS 2007, S.L.U.<\/p>\r\n<p style=\"text-align: justify;\">El usuario reconoce que TRANSCUEVAS 2007, S.L.U. es titular exclusivo o tiene la correspondiente licencia de los contenidos de esta p\u00e1gina web, en otras palabras, sobre los textos, art\u00edculos doctrinales, comentarios, mensajes, fotos, dise\u00f1os, logotipos, c\u00f3digo fuente, gr\u00e1ficos, im\u00e1genes, dibujos, audio, video, programas inform\u00e1ticos, productos multimedia, marcas, los nombres comerciales y los signos distintivos que aparecen en la misma.<\/p>\r\n<p style=\"text-align: justify;\">El acceso para el usuario a esta p\u00e1gina web no implica ning\u00fan tipo de renuncia, transmisi\u00f3n, cesi\u00f3n total o parcial o licencia de estos derechos de propiedad intelectual e industrial, ni confiere ning\u00fan derecho de uso, alteraci\u00f3n, explotaci\u00f3n, reproducci\u00f3n, distribuci\u00f3n, comunicaci\u00f3n p\u00fablica, transformaci\u00f3n, etc, sin la previa y expresa autorizaci\u00f3n por escrito de los titulares de estos derechos.<\/p>\r\n<p style=\"text-align: justify;\">Se autoriza al usuario a acceder, visualizar, imprimir, descargar y almacenar los contenidos y\/o los elementos del sitio web exclusivamente para uso personal., privado y no lucrativo.<\/p>\r\n<p style=\"text-align: justify;\">El usuario se compromete a no suprimir o alterar las menciones como copyright, \u00a9 y TM que aparecen en la p\u00e1gina web, en cualquiera de los materiales que contiene, en cualquiera de sus servicios o informaci\u00f3n obtenidos a trav\u00e9s de los mismos, con el fin de garantizar la protecci\u00f3n de estos derechos.<\/p>\r\n<p style=\"text-align: justify;\">El env\u00edo por parte del usuario de contenidos en el portal o TRANSCUEVAS 2007, S.L.U. a trav\u00e9s de correo electr\u00f3nico, fax, correo postal, formularios o cualquier otro medio, implica por este simple hecho y sin necesidad de posteriores requisitos, la concesi\u00f3n de TRANSCUEVAS 2007, S.L. de una licencia libre, con car\u00e1cter no exclusivo, mundial y por todo el tiempo que permita la legislaci\u00f3n vigente para utilizar para cualquier finalidad, incluyendo, con car\u00e1cter enumerativo y no limitado, la reproducci\u00f3n, la comunicaci\u00f3n p\u00fablica, la puesta a disposici\u00f3n, la distribuci\u00f3n, la transformaci\u00f3n, la traducci\u00f3n, la divulgaci\u00f3n, el rechazo o la eliminaci\u00f3n de la informaci\u00f3n, la edici\u00f3n, la incorporaci\u00f3n a bases de datos, la explotaci\u00f3n comercial, en cualquier formato, medio o tecnolog\u00eda actualmente conocida o que puedan conocer en el futuro, en su totalidad o en parte, de estos contenidos, licencia que permitir\u00e1 la autorizaci\u00f3n para incorporar y comercializar en soportes como papel, CD-ROM, DVD, Internet, la web y redes sociales. Igualmente, el usuario otorga el derecho a ceder y\/o sublicenciar estos contenidos a terceros.<\/p>\r\n<p style=\"text-align: justify;\">El usuario se hace responsable que los contenidos emitidos no infringen derechos de terceros ni vulneran cualquier normativa vigente, ni se trate de informaci\u00f3n confidencial o secreta. El usuario, adem\u00e1s, asume la obligaci\u00f3n de mantener a TRANSCUEVAS 2007, S.L.U. y\/o cualquiera de sus trabajadores, indemnes y libres de cualquier responsabilidad que pueda derivar del ejercicio de acciones, judiciales o no, que tuvieran su causa en la transgresi\u00f3n de los derechos de terceros o de la legislaci\u00f3n vigente.<\/p>\r\n<h3 style=\"text-align: justify;\">PROTECCI\u00d3N DE DATOS DE CAR\u00c1CTER PERSONALES<\/h3>\r\n<p style=\"text-align: justify;\">De conformidad con el Reglamento General de Datos vigente en Espa\u00f1a desde el 25 de mayo de 2018 y\u00a0la Ley 34\/2002, de 11 de Julio, de Servicios de la Sociedad de la Informaci\u00f3n y de Comercio Electr\u00f3nico,\u00a0Transcuevas,S.L.U. le informa que los datos personales que nos comunique,\u00a0 incluyendo su direcci\u00f3n de correo electr\u00f3nico y aquellos datos sobre los\u00a0 cuales Transcuevas,S.L.U. tenga acceso como consecuencia de la\u00a0 navegaci\u00f3n o de la cumplimentaci\u00f3n del formulario de informaci\u00f3n o de env\u00edos de\u00a0 curr\u00edculums, ser\u00e1n tratados\u00a0tal y como se recoge en la Pol\u00edtica de Privacidad que puede encontrar en esta p\u00e1gina web y\u00a0 de acuerdo a la legislaci\u00f3n vigente.<\/p>\r\n<p style=\"text-align: justify;\">El usuario declara que toda la informaci\u00f3n proporcionada es veraz, exacta y completa y se compromete a mantenerla actualizada y a comunicar todos los cambios de forma inmediata.<\/p>\r\n<p style=\"text-align: justify;\">Mediante la cumplimentaci\u00f3n de los formularios de env\u00edos de curr\u00edculums y contacto, y su aceptaci\u00f3n mediante el clic del bot\u00f3n, as\u00ed como la remisi\u00f3n de cualquier informaci\u00f3n a trav\u00e9s de cualquier tipo de formularios electr\u00f3nicos o por correo electr\u00f3nico, fax, sms, etc. el usuario manifiesta expresamente e inequ\u00edvocamente su consentimiento para que los datos de car\u00e1cter personal suministrados, sean incorporados al fichero correspondiente y tratados con sus finalidades.<\/p>[\/et_pb_text][\/et_pb_column][\/et_pb_row][\/et_pb_section]\n","protected":false},"excerpt":{"rendered":"<p>AVISO LEGAL &nbsp; INTRODUCCI\u00d3N Este aviso legal contiene las normas de uso del portal www.transcuevas2007.com\u00a0 que TRANSCUEVAS 2007, S.L.U. como titular del mismo, pone a disposici\u00f3n de los usuarios de Internet, exclusivamente con el prop\u00f3sito de proporcionar informaci\u00f3n sobre productos y servicios ofrecidos, as\u00ed como para gestionar y seleccionar el perfil de los aspirantes y [&hellip;]<\/p>\n","protected":false},"author":1,"featured_media":0,"parent":0,"menu_order":0,"comment_status":"closed","ping_status":"closed","template":"","meta":{"_et_pb_use_builder":"on","_et_pb_old_content":"","_et_gb_content_width":"","footnotes":""},"class_list":["post-2161","page","type-page","status-publish","hentry"],"aioseo_notices":[],"_links":{"self":[{"href":"https:\/\/www.transcuevas2007.com\/en\/wp-json\/wp\/v2\/pages\/2161","targetHints":{"allow":["GET"]}}],"collection":[{"href":"https:\/\/www.transcuevas2007.com\/en\/wp-json\/wp\/v2\/pages"}],"about":[{"href":"https:\/\/www.transcuevas2007.com\/en\/wp-json\/wp\/v2\/types\/page"}],"author":[{"embeddable":true,"href":"https:\/\/www.transcuevas2007.com\/en\/wp-json\/wp\/v2\/users\/1"}],"replies":[{"embeddable":true,"href":"https:\/\/www.transcuevas2007.com\/en\/wp-json\/wp\/v2\/comments?post=2161"}],"version-history":[{"count":3,"href":"https:\/\/www.transcuevas2007.com\/en\/wp-json\/wp\/v2\/pages\/2161\/revisions"}],"predecessor-version":[{"id":2330,"href":"https:\/\/www.transcuevas2007.com\/en\/wp-json\/wp\/v2\/pages\/2161\/revisions\/2330"}],"wp:attachment":[{"href":"https:\/\/www.transcuevas2007.com\/en\/wp-json\/wp\/v2\/media?parent=2161"}],"curies":[{"name":"wp","href":"https:\/\/api.w.org\/{rel}","templated":true}]}}